{"id":33,"date":"2025-01-31T08:43:31","date_gmt":"2025-01-31T08:43:31","guid":{"rendered":"https:\/\/airrooftop.life\/?page_id=33"},"modified":"2025-02-05T11:59:38","modified_gmt":"2025-02-05T11:59:38","slug":"about-us","status":"publish","type":"page","link":"https:\/\/airrooftop.life\/es\/about-us\/","title":{"rendered":"About us"},"content":{"rendered":"<div data-elementor-type=\"wp-page\" data-elementor-id=\"33\" class=\"elementor elementor-33\" data-elementor-post-type=\"page\">\n\t\t\t\t<div class=\"elementor-element elementor-element-19007ab e-con-full e-flex e-con e-parent\" data-id=\"19007ab\" data-element_type=\"container\" data-e-type=\"container\" data-settings=\"{&quot;background_background&quot;:&quot;classic&quot;}\">\n\t\t<div class=\"elementor-element elementor-element-d7cb993 e-con-full e-flex e-con e-child\" data-id=\"d7cb993\" data-element_type=\"container\" data-e-type=\"container\">\n\t\t<div class=\"elementor-element elementor-element-21c16c8 e-con-full e-flex e-con e-child\" data-id=\"21c16c8\" data-element_type=\"container\" data-e-type=\"container\">\n\t\t\t\t<div class=\"elementor-element elementor-element-ee3902c elementor-icon-list--layout-traditional elementor-list-item-link-full_width elementor-widget elementor-widget-icon-list\" data-id=\"ee3902c\" data-element_type=\"widget\" data-e-type=\"widget\" data-widget_type=\"icon-list.default\">\n\t\t\t\t<div class=\"elementor-widget-container\">\n\t\t\t\t\t\t\t<ul class=\"elementor-icon-list-items\">\n\t\t\t\t\t\t\t<li class=\"elementor-icon-list-item\">\n\t\t\t\t\t\t\t\t\t\t\t<a href=\"https:\/\/airrooftop.life\/es\">\n\n\t\t\t\t\t\t\t\t\t\t\t\t<span class=\"elementor-icon-list-icon\">\n\t\t\t\t\t\t\t<svg aria-hidden=\"true\" class=\"e-font-icon-svg e-fas-arrow-left\" viewbox=\"0 0 448 512\" xmlns=\"http:\/\/www.w3.org\/2000\/svg\"><path d=\"M257.5 445.1l-22.2 22.2c-9.4 9.4-24.6 9.4-33.9 0L7 273c-9.4-9.4-9.4-24.6 0-33.9L201.4 44.7c9.4-9.4 24.6-9.4 33.9 0l22.2 22.2c9.5 9.5 9.3 25-.4 34.3L136.6 216H424c13.3 0 24 10.7 24 24v32c0 13.3-10.7 24-24 24H136.6l120.5 114.8c9.8 9.3 10 24.8.4 34.3z\"><\/path><\/svg>\t\t\t\t\t\t<\/span>\n\t\t\t\t\t\t\t\t\t\t<span class=\"elementor-icon-list-text\">Atr\u00e1s<\/span>\n\t\t\t\t\t\t\t\t\t\t\t<\/a>\n\t\t\t\t\t\t\t\t\t<\/li>\n\t\t\t\t\t\t<\/ul>\n\t\t\t\t\t\t<\/div>\n\t\t\t\t<\/div>\n\t\t\t\t<\/div>\n\t\t<div class=\"elementor-element elementor-element-0d1db7c e-con-full e-flex e-con e-child\" data-id=\"0d1db7c\" data-element_type=\"container\" data-e-type=\"container\">\n\t\t\t\t<div class=\"elementor-element elementor-element-c1d7c5c elementor-widget elementor-widget-heading\" data-id=\"c1d7c5c\" data-element_type=\"widget\" data-e-type=\"widget\" data-widget_type=\"heading.default\">\n\t\t\t\t<div class=\"elementor-widget-container\">\n\t\t\t\t\t<h1 class=\"elementor-heading-title elementor-size-default\">SOBRE NOSOTROS<\/h1>\t\t\t\t<\/div>\n\t\t\t\t<\/div>\n\t\t\t\t<\/div>\n\t\t\t\t<\/div>\n\t\t\t\t<\/div>\n\t\t<div class=\"elementor-element elementor-element-7bdc36e e-flex e-con-boxed e-con e-parent\" data-id=\"7bdc36e\" data-element_type=\"container\" data-e-type=\"container\" data-settings=\"{&quot;background_background&quot;:&quot;classic&quot;}\">\n\t\t\t\t\t<div class=\"e-con-inner\">\n\t\t<div class=\"elementor-element elementor-element-b057165 e-con-full e-flex e-con e-child\" data-id=\"b057165\" data-element_type=\"container\" data-e-type=\"container\">\n\t\t\t\t<div class=\"elementor-element elementor-element-a55fa8e elementor-widget elementor-widget-text-editor\" data-id=\"a55fa8e\" data-element_type=\"widget\" data-e-type=\"widget\" data-widget_type=\"text-editor.default\">\n\t\t\t\t<div class=\"elementor-widget-container\">\n\t\t\t\t\t\t\t\t\t<p class=\"translation-block\">Dise\u00f1ado como un <strong>oasis moderno<\/strong>, nuestra azotea cuenta con exuberante vegetaci\u00f3n, tranquilas instalaciones de agua y vistas impresionantes de Puerto Ban\u00fas y la monta\u00f1a de La Concha. En <strong>Air<\/strong>, nos enorgullece ofrecer una experiencia \u00fanica donde c\u00f3cteles a medida, sushi gourmet y aperitivos se combinan con un servicio impecable y una energ\u00eda vibrante.<\/p>\t\t\t\t\t\t\t\t<\/div>\n\t\t\t\t<\/div>\n\t\t\t\t<\/div>\n\t\t\t\t\t<\/div>\n\t\t\t\t<\/div>\n\t\t<div class=\"elementor-element elementor-element-dcb3be5 e-flex e-con-boxed e-con e-parent\" data-id=\"dcb3be5\" data-element_type=\"container\" data-e-type=\"container\" data-settings=\"{&quot;background_background&quot;:&quot;classic&quot;}\">\n\t\t\t\t\t<div class=\"e-con-inner\">\n\t\t\t\t<div class=\"elementor-element elementor-element-ad2dc87 elementor-widget elementor-widget-heading\" data-id=\"ad2dc87\" data-element_type=\"widget\" data-e-type=\"widget\" data-widget_type=\"heading.default\">\n\t\t\t\t<div class=\"elementor-widget-container\">\n\t\t\t\t\t<h2 class=\"elementor-heading-title elementor-size-default\">OUR STAFF<\/h2>\t\t\t\t<\/div>\n\t\t\t\t<\/div>\n\t\t\t\t<div class=\"elementor-element elementor-element-0687934 elementor-widget__width-initial elementor-widget elementor-widget-text-editor\" data-id=\"0687934\" data-element_type=\"widget\" data-e-type=\"widget\" data-widget_type=\"text-editor.default\">\n\t\t\t\t<div class=\"elementor-widget-container\">\n\t\t\t\t\t\t\t\t\t<p class=\"translation-block\">En <strong>Air<\/strong>, nuestro personal es el coraz\u00f3n de tu experiencia. Dedicado, <strong>profesional y apasionado<\/strong>, nuestro equipo se asegura de que cada visita sea excepcional.<\/p><p>El equipo contribuye a crear una atm\u00f3sfera vibrante y \u00fanica que perdura hasta bien entrada la noche, mientras te atiende con estilo.<\/p>\t\t\t\t\t\t\t\t<\/div>\n\t\t\t\t<\/div>\n\t\t\t\t<div class=\"elementor-element elementor-element-18bf592 elementor-widget elementor-widget-image\" data-id=\"18bf592\" data-element_type=\"widget\" data-e-type=\"widget\" data-widget_type=\"image.default\">\n\t\t\t\t<div class=\"elementor-widget-container\">\n\t\t\t\t\t\t\t\t\t\t\t\t\t\t\t<img fetchpriority=\"high\" decoding=\"async\" width=\"1707\" height=\"2560\" src=\"https:\/\/airrooftop.life\/wp-content\/uploads\/2025\/02\/571A7299-scaled.jpeg\" class=\"attachment-full size-full wp-image-316\" alt=\"\" srcset=\"https:\/\/airrooftop.life\/wp-content\/uploads\/2025\/02\/571A7299-scaled.jpeg 1707w, https:\/\/airrooftop.life\/wp-content\/uploads\/2025\/02\/571A7299-200x300.jpeg 200w, https:\/\/airrooftop.life\/wp-content\/uploads\/2025\/02\/571A7299-683x1024.jpeg 683w, https:\/\/airrooftop.life\/wp-content\/uploads\/2025\/02\/571A7299-768x1152.jpeg 768w, https:\/\/airrooftop.life\/wp-content\/uploads\/2025\/02\/571A7299-1024x1536.jpeg 1024w, https:\/\/airrooftop.life\/wp-content\/uploads\/2025\/02\/571A7299-1365x2048.jpeg 1365w\" sizes=\"(max-width: 1707px) 100vw, 1707px\" \/>\t\t\t\t\t\t\t\t\t\t\t\t\t\t\t<\/div>\n\t\t\t\t<\/div>\n\t\t\t\t<div class=\"elementor-element elementor-element-ab7852b elementor-widget elementor-widget-spacer\" data-id=\"ab7852b\" data-element_type=\"widget\" data-e-type=\"widget\" data-widget_type=\"spacer.default\">\n\t\t\t\t<div class=\"elementor-widget-container\">\n\t\t\t\t\t\t\t<div class=\"elementor-spacer\">\n\t\t\t<div class=\"elementor-spacer-inner\"><\/div>\n\t\t<\/div>\n\t\t\t\t\t\t<\/div>\n\t\t\t\t<\/div>\n\t\t\t\t<div class=\"elementor-element elementor-element-215d52b elementor-align-justify elementor-widget__width-initial elementor-widget-mobile__width-initial btn.outlined elementor-widget elementor-widget-button\" data-id=\"215d52b\" data-element_type=\"widget\" data-e-type=\"widget\" data-widget_type=\"button.default\">\n\t\t\t\t<div class=\"elementor-widget-container\">\n\t\t\t\t\t\t\t\t\t<div class=\"elementor-button-wrapper\">\n\t\t\t\t\t<a class=\"elementor-button elementor-button-link elementor-size-sm elementor-animation-bob\" href=\"https:\/\/airrooftop.life\/es\/airbookings\/\">\n\t\t\t\t\t\t<span class=\"elementor-button-content-wrapper\">\n\t\t\t\t\t\t\t\t\t<span class=\"elementor-button-text\">RESERVA TU MESA<\/span>\n\t\t\t\t\t<\/span>\n\t\t\t\t\t<\/a>\n\t\t\t\t<\/div>\n\t\t\t\t\t\t\t\t<\/div>\n\t\t\t\t<\/div>\n\t\t\t\t\t<\/div>\n\t\t\t\t<\/div>\n\t\t<div class=\"elementor-element elementor-element-e422b7b e-flex e-con-boxed e-con e-parent\" data-id=\"e422b7b\" data-element_type=\"container\" data-e-type=\"container\" data-settings=\"{&quot;background_background&quot;:&quot;classic&quot;}\">\n\t\t\t\t\t<div class=\"e-con-inner\">\n\t\t\t\t<div class=\"elementor-element elementor-element-d26cb23 elementor-widget elementor-widget-heading\" data-id=\"d26cb23\" data-element_type=\"widget\" data-e-type=\"widget\" data-widget_type=\"heading.default\">\n\t\t\t\t<div class=\"elementor-widget-container\">\n\t\t\t\t\t<h2 class=\"elementor-heading-title elementor-size-default\">NUESTROS ESPACIOS<\/h2>\t\t\t\t<\/div>\n\t\t\t\t<\/div>\n\t\t\t\t<div class=\"elementor-element elementor-element-d2ea46d elementor-widget__width-initial elementor-invisible elementor-widget elementor-widget-text-editor\" data-id=\"d2ea46d\" data-element_type=\"widget\" data-e-type=\"widget\" data-settings=\"{&quot;_animation&quot;:&quot;fadeInDown&quot;}\" data-widget_type=\"text-editor.default\">\n\t\t\t\t<div class=\"elementor-widget-container\">\n\t\t\t\t\t\t\t\t\t<p class=\"translation-block\"><strong>Air<\/strong> ofrece un ambiente elevado dise\u00f1ado para cautivar e inspirar.<br>Con <strong>espacios vers\u00e1tiles<\/strong> perfectos para reuniones \u00edntimas, celebraciones animadas o eventos privados, <strong>Air<\/strong> fusiona perfectamente la elegancia con la comodidad, asegurando que cada visita sea extraordinaria.<\/p>\t\t\t\t\t\t\t\t<\/div>\n\t\t\t\t<\/div>\n\t\t\t\t\t<\/div>\n\t\t\t\t<\/div>\n\t\t<div class=\"elementor-element elementor-element-8ca526e e-flex e-con-boxed e-con e-parent\" data-id=\"8ca526e\" data-element_type=\"container\" data-e-type=\"container\" data-settings=\"{&quot;background_background&quot;:&quot;classic&quot;}\">\n\t\t\t\t\t<div class=\"e-con-inner\">\n\t\t\t\t\t<\/div>\n\t\t\t\t<\/div>\n\t\t<div class=\"elementor-element elementor-element-07dd290 e-flex e-con-boxed e-con e-parent\" data-id=\"07dd290\" data-element_type=\"container\" data-e-type=\"container\" data-settings=\"{&quot;background_background&quot;:&quot;classic&quot;}\">\n\t\t\t\t\t<div class=\"e-con-inner\">\n\t\t\t\t<div class=\"elementor-element elementor-element-cc52e85 elementor-widget elementor-widget-heading\" data-id=\"cc52e85\" data-element_type=\"widget\" data-e-type=\"widget\" data-widget_type=\"heading.default\">\n\t\t\t\t<div class=\"elementor-widget-container\">\n\t\t\t\t\t<h2 class=\"elementor-heading-title elementor-size-default\">EL INTERIOR<\/h2>\t\t\t\t<\/div>\n\t\t\t\t<\/div>\n\t\t\t\t<div class=\"elementor-element elementor-element-46576c7 elementor-widget__width-inherit elementor-invisible elementor-widget elementor-widget-text-editor\" data-id=\"46576c7\" data-element_type=\"widget\" data-e-type=\"widget\" data-settings=\"{&quot;_animation&quot;:&quot;fadeInDown&quot;}\" data-widget_type=\"text-editor.default\">\n\t\t\t\t<div class=\"elementor-widget-container\">\n\t\t\t\t\t\t\t\t\t<p class=\"translation-block\">Nuestra <strong>terraza al aire libre<\/strong> ofrece impresionantes vistas panor\u00e1micas de Puerto Ban\u00fas, la monta\u00f1a de La Concha y el horizonte de Marbella, creando un <strong>fondo inolvidable<\/strong> para cualquier ocasi\u00f3n. Sum\u00e9rgete en la atm\u00f3sfera de exuberante vegetaci\u00f3n, tranquilas caracter\u00edsticas de agua y un dise\u00f1o moderno y elegante.<\/p>\t\t\t\t\t\t\t\t<\/div>\n\t\t\t\t<\/div>\n\t\t\t\t<div class=\"elementor-element elementor-element-c5623c2 elementor-widget elementor-widget-image\" data-id=\"c5623c2\" data-element_type=\"widget\" data-e-type=\"widget\" data-widget_type=\"image.default\">\n\t\t\t\t<div class=\"elementor-widget-container\">\n\t\t\t\t\t\t\t\t\t\t\t\t\t\t\t<img decoding=\"async\" width=\"2000\" height=\"1333\" src=\"https:\/\/airrooftop.life\/wp-content\/uploads\/2025\/01\/5DSR6029.webp\" class=\"attachment-full size-full wp-image-163\" alt=\"\" srcset=\"https:\/\/airrooftop.life\/wp-content\/uploads\/2025\/01\/5DSR6029.webp 2000w, https:\/\/airrooftop.life\/wp-content\/uploads\/2025\/01\/5DSR6029-300x200.webp 300w, https:\/\/airrooftop.life\/wp-content\/uploads\/2025\/01\/5DSR6029-1024x682.webp 1024w, https:\/\/airrooftop.life\/wp-content\/uploads\/2025\/01\/5DSR6029-768x512.webp 768w, https:\/\/airrooftop.life\/wp-content\/uploads\/2025\/01\/5DSR6029-1536x1024.webp 1536w\" sizes=\"(max-width: 2000px) 100vw, 2000px\" \/>\t\t\t\t\t\t\t\t\t\t\t\t\t\t\t<\/div>\n\t\t\t\t<\/div>\n\t\t\t\t\t<\/div>\n\t\t\t\t<\/div>\n\t\t<div class=\"elementor-element elementor-element-3229dcc e-flex e-con-boxed e-con e-parent\" data-id=\"3229dcc\" data-element_type=\"container\" data-e-type=\"container\" data-settings=\"{&quot;background_background&quot;:&quot;classic&quot;}\">\n\t\t\t\t\t<div class=\"e-con-inner\">\n\t\t\t\t<div class=\"elementor-element elementor-element-8ab4fb1 elementor-widget elementor-widget-heading\" data-id=\"8ab4fb1\" data-element_type=\"widget\" data-e-type=\"widget\" data-widget_type=\"heading.default\">\n\t\t\t\t<div class=\"elementor-widget-container\">\n\t\t\t\t\t<h2 class=\"elementor-heading-title elementor-size-default\">AL AIRE LIBRE<\/h2>\t\t\t\t<\/div>\n\t\t\t\t<\/div>\n\t\t\t\t<div class=\"elementor-element elementor-element-0f3779d elementor-invisible elementor-widget elementor-widget-text-editor\" data-id=\"0f3779d\" data-element_type=\"widget\" data-e-type=\"widget\" data-settings=\"{&quot;_animation&quot;:&quot;fadeInDown&quot;}\" data-widget_type=\"text-editor.default\">\n\t\t\t\t<div class=\"elementor-widget-container\">\n\t\t\t\t\t\t\t\t\t<p class=\"translation-block\">Rodeado de exuberante vegetaci\u00f3n vertical, elegantes fuentes de agua y un dise\u00f1o contempor\u00e1neo, el espacio <strong>exuda una atm\u00f3sfera de sofisticaci\u00f3n y tranquilidad.<\/strong> Ya sea que est\u00e9s disfrutando de un c\u00f3ctel bajo las estrellas o celebrando con amigos, nuestra terraza ofrece una <strong>experiencia inigualable<\/strong>, fusionando la naturaleza y la elegancia a la perfecci\u00f3n.<\/p>\t\t\t\t\t\t\t\t<\/div>\n\t\t\t\t<\/div>\n\t\t\t\t<div class=\"elementor-element elementor-element-17485d9 elementor-widget elementor-widget-image\" data-id=\"17485d9\" data-element_type=\"widget\" data-e-type=\"widget\" data-widget_type=\"image.default\">\n\t\t\t\t<div class=\"elementor-widget-container\">\n\t\t\t\t\t\t\t\t\t\t\t\t\t\t\t<img decoding=\"async\" width=\"2560\" height=\"2543\" src=\"https:\/\/airrooftop.life\/wp-content\/uploads\/2025\/01\/541A4651-1-scaled.webp\" class=\"attachment-full size-full wp-image-165\" alt=\"\" srcset=\"https:\/\/airrooftop.life\/wp-content\/uploads\/2025\/01\/541A4651-1-scaled.webp 2560w, https:\/\/airrooftop.life\/wp-content\/uploads\/2025\/01\/541A4651-1-300x298.webp 300w, https:\/\/airrooftop.life\/wp-content\/uploads\/2025\/01\/541A4651-1-1024x1017.webp 1024w, https:\/\/airrooftop.life\/wp-content\/uploads\/2025\/01\/541A4651-1-150x150.webp 150w, https:\/\/airrooftop.life\/wp-content\/uploads\/2025\/01\/541A4651-1-768x763.webp 768w, https:\/\/airrooftop.life\/wp-content\/uploads\/2025\/01\/541A4651-1-1536x1526.webp 1536w, https:\/\/airrooftop.life\/wp-content\/uploads\/2025\/01\/541A4651-1-2048x2034.webp 2048w\" sizes=\"(max-width: 2560px) 100vw, 2560px\" \/>\t\t\t\t\t\t\t\t\t\t\t\t\t\t\t<\/div>\n\t\t\t\t<\/div>\n\t\t\t\t<div class=\"elementor-element elementor-element-3a6dd31 elementor-widget elementor-widget-spacer\" data-id=\"3a6dd31\" data-element_type=\"widget\" data-e-type=\"widget\" data-widget_type=\"spacer.default\">\n\t\t\t\t<div class=\"elementor-widget-container\">\n\t\t\t\t\t\t\t<div class=\"elementor-spacer\">\n\t\t\t<div class=\"elementor-spacer-inner\"><\/div>\n\t\t<\/div>\n\t\t\t\t\t\t<\/div>\n\t\t\t\t<\/div>\n\t\t\t\t<div class=\"elementor-element elementor-element-f215327 elementor-align-justify elementor-widget__width-initial elementor-widget-mobile__width-initial btn.outlined elementor-widget elementor-widget-button\" data-id=\"f215327\" data-element_type=\"widget\" data-e-type=\"widget\" data-widget_type=\"button.default\">\n\t\t\t\t<div class=\"elementor-widget-container\">\n\t\t\t\t\t\t\t\t\t<div class=\"elementor-button-wrapper\">\n\t\t\t\t\t<a class=\"elementor-button elementor-button-link elementor-size-sm elementor-animation-bob\" href=\"https:\/\/airrooftop.life\/es\/airbookings\/\">\n\t\t\t\t\t\t<span class=\"elementor-button-content-wrapper\">\n\t\t\t\t\t\t\t\t\t<span class=\"elementor-button-text\">RESERVA TU MESA<\/span>\n\t\t\t\t\t<\/span>\n\t\t\t\t\t<\/a>\n\t\t\t\t<\/div>\n\t\t\t\t\t\t\t\t<\/div>\n\t\t\t\t<\/div>\n\t\t\t\t\t<\/div>\n\t\t\t\t<\/div>\n\t\t\t\t<\/div>","protected":false},"excerpt":{"rendered":"<p>Back ABOUT US Designed as a modern oasis, our rooftop features lush greenery, tranquil water installations, and awe-inspiring views of Puerto Ban\u00fas and La Concha Mountain. At Air, we take pride in offering a unique experience where bespoke cocktails, gourmet sushi and snacks meet impeccable service and vibrant energy. OUR STAFF At Air, our staff [&hellip;]<\/p>\n","protected":false},"author":1,"featured_media":0,"parent":0,"menu_order":0,"comment_status":"closed","ping_status":"closed","template":"elementor_header_footer","meta":{"_acf_changed":false,"footnotes":""},"class_list":["post-33","page","type-page","status-publish","hentry"],"acf":[],"_links":{"self":[{"href":"https:\/\/airrooftop.life\/es\/wp-json\/wp\/v2\/pages\/33","targetHints":{"allow":["GET"]}}],"collection":[{"href":"https:\/\/airrooftop.life\/es\/wp-json\/wp\/v2\/pages"}],"about":[{"href":"https:\/\/airrooftop.life\/es\/wp-json\/wp\/v2\/types\/page"}],"author":[{"embeddable":true,"href":"https:\/\/airrooftop.life\/es\/wp-json\/wp\/v2\/users\/1"}],"replies":[{"embeddable":true,"href":"https:\/\/airrooftop.life\/es\/wp-json\/wp\/v2\/comments?post=33"}],"version-history":[{"count":19,"href":"https:\/\/airrooftop.life\/es\/wp-json\/wp\/v2\/pages\/33\/revisions"}],"predecessor-version":[{"id":322,"href":"https:\/\/airrooftop.life\/es\/wp-json\/wp\/v2\/pages\/33\/revisions\/322"}],"wp:attachment":[{"href":"https:\/\/airrooftop.life\/es\/wp-json\/wp\/v2\/media?parent=33"}],"curies":[{"name":"wp","href":"https:\/\/api.w.org\/{rel}","templated":true}]}}